{"id":964,"date":"2016-12-21T16:07:25","date_gmt":"2016-12-21T14:07:25","guid":{"rendered":"http:\/\/simp.pl\/stalowawola\/?page_id=964"},"modified":"2016-12-21T17:21:47","modified_gmt":"2016-12-21T15:21:47","slug":"dzialalnosc","status":"publish","type":"page","link":"http:\/\/simp.pl\/stalowawola\/index.php\/dzialalnosc\/","title":{"rendered":"Dzia\u0142alno\u015b\u0107"},"content":{"rendered":"<p>Do zakresu naszej dzia\u0142alno\u015bci nale\u017c\u0105 nast\u0119puj\u0105ce dzia\u0142y:<\/p>\n<ul>\n<li><a href=\"http:\/\/simp.pl\/stalowawola\/index.php\/rzeczoznawstwo\/\" target=\"_blank\">Rzeczoznawstwo<\/a><\/li>\n<li><a href=\"http:\/\/simp.pl\/stalowawola\/index.php\/od\/\" target=\"_blank\">Oddzia\u0142 dzia\u0142alno\u015bci gospodarczej<\/a><\/li>\n<li><a href=\"http:\/\/simp.pl\/stalowawola\/index.php\/referencje\/\" target=\"_blank\">Referencje<\/a><\/li>\n<li><a href=\"http:\/\/simp.pl\/stalowawola\/index.php\/dzialalnosc-naukowa\/\" target=\"_blank\">Dzia\u0142alno\u015b\u0107 naukowa<\/a><\/li>\n<\/ul>\n","protected":false},"excerpt":{"rendered":"<p>Do zakresu naszej dzia\u0142alno\u015bci nale\u017c\u0105 nast\u0119puj\u0105ce dzia\u0142y: Rzeczoznawstwo Oddzia\u0142 dzia\u0142alno\u015bci gospodarczej Referencje Dzia\u0142alno\u015b\u0107 naukowa<\/p>\n","protected":false},"author":1,"featured_media":0,"parent":0,"menu_order":0,"comment_status":"closed","ping_status":"closed","template":"","meta":{"ngg_post_thumbnail":0,"footnotes":""},"class_list":["post-964","page","type-page","status-publish","hentry"],"_links":{"self":[{"href":"http:\/\/simp.pl\/stalowawola\/index.php\/wp-json\/wp\/v2\/pages\/964","targetHints":{"allow":["GET"]}}],"collection":[{"href":"http:\/\/simp.pl\/stalowawola\/index.php\/wp-json\/wp\/v2\/pages"}],"about":[{"href":"http:\/\/simp.pl\/stalowawola\/index.php\/wp-json\/wp\/v2\/types\/page"}],"author":[{"embeddable":true,"href":"http:\/\/simp.pl\/stalowawola\/index.php\/wp-json\/wp\/v2\/users\/1"}],"replies":[{"embeddable":true,"href":"http:\/\/simp.pl\/stalowawola\/index.php\/wp-json\/wp\/v2\/comments?post=964"}],"version-history":[{"count":11,"href":"http:\/\/simp.pl\/stalowawola\/index.php\/wp-json\/wp\/v2\/pages\/964\/revisions"}],"predecessor-version":[{"id":987,"href":"http:\/\/simp.pl\/stalowawola\/index.php\/wp-json\/wp\/v2\/pages\/964\/revisions\/987"}],"wp:attachment":[{"href":"http:\/\/simp.pl\/stalowawola\/index.php\/wp-json\/wp\/v2\/media?parent=964"}],"curies":[{"name":"wp","href":"https:\/\/api.w.org\/{rel}","templated":true}]}}