{"id":7,"date":"2011-07-24T16:04:42","date_gmt":"2011-07-24T14:04:42","guid":{"rendered":"http:\/\/simp.eplaszow.pl\/?page_id=7"},"modified":"2022-11-26T08:33:17","modified_gmt":"2022-11-26T06:33:17","slug":"zarzad-2","status":"publish","type":"page","link":"http:\/\/simp.pl\/stalowawola\/index.php\/zarzad-2\/","title":{"rendered":"Zarz\u0105d"},"content":{"rendered":"<h2 style=\"text-align: center;\"><strong>Oddzia\u0142u SIMP w Stalowej Woli<\/strong>:<\/h2>\n<p style=\"text-align: center;\"><strong>Emilian Dwornicki<\/strong><em>&nbsp;Prezes Zarz\u0105du<\/em><\/p>\n<p style=\"text-align: center;\"><strong>Sk\u0142ad Zarz\u0105du Oddzia\u0142u SIMP w Stalowej Woli:<\/strong><\/p>\n<p style=\"text-align: center;\"><strong>Janusz Hyjek&nbsp;<\/strong><em>&nbsp; Wiceprezes Zarz\u0105du<\/em><\/p>\n<p style=\"text-align: center;\"><b>Antoni Rusinek<\/b><em>&nbsp; Wiceprezes Zarz\u0105du<\/em><\/p>\n<p style=\"text-align: center;\"><strong>Rafa\u0142 Wo\u017aniak<\/strong><em>&nbsp; Sekretarz Zarz\u0105du<\/em><\/p>\n<p style=\"text-align: center;\"><b>Ryszard K\u0105dzio\u0142ka&nbsp;<\/b><em> Skarbnik Zarz\u0105du<\/em><\/p>\n<p style=\"text-align: center;\"><b>Dorota Kara<\/b><em>&nbsp;&nbsp;Cz\u0142onek Zarz\u0105du<\/em><\/p>\n<p style=\"text-align: center;\"><strong>Jan Ko\u0142cz&nbsp;<\/strong><em>&nbsp;Cz\u0142onek Zarz\u0105du<\/em><\/p>\n<p style=\"text-align: center;\"><em>&nbsp;<\/em><\/p>\n<p style=\"text-align: center;\">&nbsp;<\/p>\n","protected":false},"excerpt":{"rendered":"<p>Oddzia\u0142u SIMP w Stalowej Woli: Emilian Dwornicki&nbsp;Prezes Zarz\u0105du Sk\u0142ad Zarz\u0105du Oddzia\u0142u SIMP w Stalowej Woli: Janusz Hyjek&nbsp;&nbsp; Wiceprezes Zarz\u0105du Antoni Rusinek&nbsp; Wiceprezes Zarz\u0105du Rafa\u0142 Wo\u017aniak&nbsp; Sekretarz Zarz\u0105du Ryszard K\u0105dzio\u0142ka&nbsp; Skarbnik Zarz\u0105du Dorota Kara&nbsp;&nbsp;Cz\u0142onek Zarz\u0105du Jan Ko\u0142cz&nbsp;&nbsp;Cz\u0142onek Zarz\u0105du &nbsp; &nbsp;<\/p>\n","protected":false},"author":1,"featured_media":0,"parent":0,"menu_order":3,"comment_status":"closed","ping_status":"closed","template":"","meta":{"ngg_post_thumbnail":0,"footnotes":""},"class_list":["post-7","page","type-page","status-publish","hentry"],"_links":{"self":[{"href":"http:\/\/simp.pl\/stalowawola\/index.php\/wp-json\/wp\/v2\/pages\/7","targetHints":{"allow":["GET"]}}],"collection":[{"href":"http:\/\/simp.pl\/stalowawola\/index.php\/wp-json\/wp\/v2\/pages"}],"about":[{"href":"http:\/\/simp.pl\/stalowawola\/index.php\/wp-json\/wp\/v2\/types\/page"}],"author":[{"embeddable":true,"href":"http:\/\/simp.pl\/stalowawola\/index.php\/wp-json\/wp\/v2\/users\/1"}],"replies":[{"embeddable":true,"href":"http:\/\/simp.pl\/stalowawola\/index.php\/wp-json\/wp\/v2\/comments?post=7"}],"version-history":[{"count":8,"href":"http:\/\/simp.pl\/stalowawola\/index.php\/wp-json\/wp\/v2\/pages\/7\/revisions"}],"predecessor-version":[{"id":1305,"href":"http:\/\/simp.pl\/stalowawola\/index.php\/wp-json\/wp\/v2\/pages\/7\/revisions\/1305"}],"wp:attachment":[{"href":"http:\/\/simp.pl\/stalowawola\/index.php\/wp-json\/wp\/v2\/media?parent=7"}],"curies":[{"name":"wp","href":"https:\/\/api.w.org\/{rel}","templated":true}]}}