{"id":502,"date":"2016-10-11T12:12:39","date_gmt":"2016-10-11T10:12:39","guid":{"rendered":"http:\/\/simp.pl\/stalowawola\/?page_id=502"},"modified":"2016-11-06T20:35:51","modified_gmt":"2016-11-06T18:35:51","slug":"o-simp","status":"publish","type":"page","link":"http:\/\/simp.pl\/stalowawola\/index.php\/o-simp\/","title":{"rendered":"O &#8222;SIMP&#8221;"},"content":{"rendered":"<p><strong><em>Geneza powstania SIMP w Stalowej Woli<\/em><\/strong><\/p>\n<p>Z chwil\u0105 uruchomienia Zak\u0142ad\u00f3w Po\u0142udniowych w Stalowej Woli oraz rozwoju nowoczesnych metod pracy i nowoczesnego przemys\u0142u zaistnia\u0142y tendencje do zrzeszania si\u0119 in\u017cynier\u00f3w i technik\u00f3w w organizacje techniczne skupiaj\u0105ce kadr\u0119 techniczn\u0105 o okre\u015blonych specjalno\u015bciach.<\/p>\n<p>17 czerwca 1938 r odby\u0142o si\u0119 zebranie organizacyjne w wyniku kt\u00f3rego zosta\u0142 powo\u0142any Oddzia\u0142 Stowarzyszenia In\u017cynier\u00f3w i Technik\u00f3w Mechanik\u00f3w Polskich (SIMP), skupiaj\u0105cy w swych szeregach in\u017cynier\u00f3w zatrudnionych w Zak\u0142adach Po\u0142udniowych w Stalowej Woli. Powo\u0142anie Stowarzyszenia stworzy\u0142o warunki do wymiany do\u015bwiadcze\u0144, do organizowania dokszta\u0142cania zawodowego i pomocy w sprawach osobistych oraz spo\u0142ecznych jego cz\u0142onk\u00f3w.<\/p>\n<p>Rozwijaj\u0105c\u0105 si\u0119 dzia\u0142alno\u015b\u0107 SIMP w Stalowej Woli przerywa wybuch II wojny \u015bwiatowej we wrze\u015bniu 1939 roku, co powoduje zawieszenie dzia\u0142alno\u015bci do zako\u0144czenia wojny.<\/p>\n<p>Po zako\u0144czeniu dzia\u0142a\u0144 wojennych w 1946 roku reaktywowano dzia\u0142alno\u015b\u0107 SIMP poprzez zorganizowanie Ko\u0142a Zak\u0142adowego SIMP w Hucie Stalowa Wola, podporz\u0105dkowanego organizacyjne Oddzia\u0142owi w Krakowie.<\/p>\n<p>W 1954 roku Ko\u0142o Zak\u0142adowe SIMP Huty Stalowa Wola zostaje przy\u0142\u0105czone do Rzeszowskiego Oddzia\u0142u SIMP co powoduje znaczne o\u017cywienie dzia\u0142alno\u015bci Stowarzyszenia.<\/p>\n<p>Szybki rozw\u00f3j Zak\u0142adu i znaczny przyrost cz\u0142onk\u00f3w Stowarzyszenia spowodowa\u0142 w 1958 roku przekszta\u0142cenie Ko\u0142a Zak\u0142adowego w Samodzielny Oddzia\u0142 SIMP w Stalowej Woli podporz\u0105dkowany bezpo\u015brednio Zarz\u0105dowi G\u0142\u00f3wnemu SIMP w Warszawie. Otwarcie w 1962 roku Klubu Technika stworzy\u0142o dobre warunki do dzia\u0142alno\u015bci stowarzyszeniowej.<\/p>\n<p>W 1952 roku dzi\u0119ki staraniom cz\u0142onk\u00f3w SIMP zosta\u0142 utworzony punkt konsultacyjny Politechniki Krakowskiej przej\u0119ty p\u00f3\u017aniej przez Wy\u017csz\u0105 Szko\u0142\u0119 In\u017cyniersk\u0105 w Rzeszowie, w kt\u00f3rym 150 os\u00f3b uzyska\u0142o dyplomy in\u017cynierskie, a 12 os\u00f3b \u2013 magisterskie.<\/p>\n<p>24 lutego 1975 roku decyzj\u0105 ZG SIMP Samodzielny Oddzia\u0142 SIMP w Stalowej Woli zosta\u0142 przekszta\u0142cony w Oddzia\u0142 Rejonowy podporz\u0105dkowany Oddzia\u0142owi SIMP w Rzeszowie.<\/p>\n<p>W wyniku zmian administracyjnych w kraju i utworzeniu nowych wojew\u00f3dztw uchwa\u0142\u0105 ZG SIMP&nbsp; z dnia 15 grudnia 1974 roku zosta\u0142 powo\u0142any Oddzia\u0142 Wojew\u00f3dzki SIMP w Tarnobrzegu z siedzib\u0105 w Stalowej Woli. Do nowo powsta\u0142ego Oddzia\u0142u zosta\u0142 w\u0142\u0105czony Oddzia\u0142 Rejonowy w Stalowej Woli oraz ko\u0142a SIMP dzia\u0142aj\u0105ce na terenie wojew\u00f3dztwa tarnobrzeskiego.<\/p>\n<p>Aktualnie dzia\u0142alno\u015bci\u0105 stowarzyszeniow\u0105 w tym regionie kieruje Zarz\u0105d Oddzia\u0142 w Stalowej Woli. &nbsp;&nbsp;&nbsp;<\/p>\n","protected":false},"excerpt":{"rendered":"<p>Geneza powstania SIMP w Stalowej Woli Z chwil\u0105 uruchomienia Zak\u0142ad\u00f3w Po\u0142udniowych w Stalowej Woli oraz rozwoju nowoczesnych metod pracy i nowoczesnego przemys\u0142u zaistnia\u0142y tendencje do zrzeszania si\u0119 in\u017cynier\u00f3w i technik\u00f3w w organizacje techniczne skupiaj\u0105ce kadr\u0119 techniczn\u0105 o okre\u015blonych specjalno\u015bciach. 17 czerwca 1938 r odby\u0142o si\u0119 zebranie organizacyjne w wyniku kt\u00f3rego zosta\u0142 powo\u0142any Oddzia\u0142 Stowarzyszenia In\u017cynier\u00f3w <a class=\"read-more-link\" href=\"http:\/\/simp.pl\/stalowawola\/index.php\/o-simp\/\">Read More<\/a><\/p>\n","protected":false},"author":1,"featured_media":0,"parent":0,"menu_order":0,"comment_status":"closed","ping_status":"closed","template":"","meta":{"ngg_post_thumbnail":0,"footnotes":""},"class_list":["post-502","page","type-page","status-publish","hentry"],"_links":{"self":[{"href":"http:\/\/simp.pl\/stalowawola\/index.php\/wp-json\/wp\/v2\/pages\/502","targetHints":{"allow":["GET"]}}],"collection":[{"href":"http:\/\/simp.pl\/stalowawola\/index.php\/wp-json\/wp\/v2\/pages"}],"about":[{"href":"http:\/\/simp.pl\/stalowawola\/index.php\/wp-json\/wp\/v2\/types\/page"}],"author":[{"embeddable":true,"href":"http:\/\/simp.pl\/stalowawola\/index.php\/wp-json\/wp\/v2\/users\/1"}],"replies":[{"embeddable":true,"href":"http:\/\/simp.pl\/stalowawola\/index.php\/wp-json\/wp\/v2\/comments?post=502"}],"version-history":[{"count":4,"href":"http:\/\/simp.pl\/stalowawola\/index.php\/wp-json\/wp\/v2\/pages\/502\/revisions"}],"predecessor-version":[{"id":921,"href":"http:\/\/simp.pl\/stalowawola\/index.php\/wp-json\/wp\/v2\/pages\/502\/revisions\/921"}],"wp:attachment":[{"href":"http:\/\/simp.pl\/stalowawola\/index.php\/wp-json\/wp\/v2\/media?parent=502"}],"curies":[{"name":"wp","href":"https:\/\/api.w.org\/{rel}","templated":true}]}}