{"id":5,"date":"2011-07-24T16:04:28","date_gmt":"2011-07-24T14:04:28","guid":{"rendered":"http:\/\/simp.eplaszow.pl\/?page_id=5"},"modified":"2025-04-01T18:42:12","modified_gmt":"2025-04-01T16:42:12","slug":"zarzad","status":"publish","type":"page","link":"http:\/\/simp.pl\/stalowawola\/","title":{"rendered":"Strona g\u0142\u00f3wna"},"content":{"rendered":"<p>Serdecznie witamy na stronie internetowej SIMP-u, czyli Stowarzyszenia In\u017cynier\u00f3w i Technik\u00f3w Mechanik\u00f3w Polskich oddzia\u0142u w Stalowej Woli. Jeste\u015bmy niezale\u017cn\u0105 organizacj\u0105, kt\u00f3ra udziela si\u0119 spo\u0142ecznie. Zrzeszamy zar\u00f3wno in\u017cynier\u00f3w i technik\u00f3w mechanik\u00f3w wszystkich specjalno\u015bci, jak r\u00f3wnie\u017c zawod\u00f3w pokrewnych. Utworzenie naszej organizacji datuje si\u0119 na rok 1926 (<a href=\"http:\/\/simp.pl\/stalowawola\/index.php\/o-simp\/\" target=\"_blank\" rel=\"noopener\">czytaj wi\u0119cej<\/a>).<\/p>\n<p><img loading=\"lazy\" decoding=\"async\" class=\"size-full wp-image-858 alignright\" src=\"http:\/\/simp.pl\/stalowawola\/wp-content\/uploads\/2011\/07\/aktualnosci-1.png\" alt=\"aktualnosci\" width=\"150\" height=\"139\" data-id=\"858\">Zach\u0119camy do bycia na bie\u017c\u0105co w sprawach SIMP, co umo\u017cliwi Ci&nbsp;dzia\u0142&nbsp;<a href=\"http:\/\/simp.pl\/stalowawola\/index.php\/aktualnosci\/\" target=\"_blank\" rel=\"noopener\">Aktualno\u015bci<\/a>.<\/p>\n<p>Aby dowiedzie\u0107 si\u0119 czego dotyczy nasza dzia\u0142alno\u015b\u0107 wystarczy wej\u015b\u0107 w zak\u0142adk\u0119&nbsp;<a href=\"http:\/\/simp.pl\/stalowawola\/?page_id=440\" target=\"_blank\" rel=\"noopener\">Dzia\u0142alno\u015b\u0107<\/a>, kt\u00f3ra wi\u0105\u017ce&nbsp;si\u0119 z takimi okre\u015bleniami jak:<\/p>\n<ul>\n<li><a href=\"http:\/\/simp.pl\/stalowawola\/?page_id=443\" target=\"_blank\" rel=\"noopener\">rzeczoznawstwo<\/a><\/li>\n<li><a href=\"http:\/\/simp.pl\/stalowawola\/index.php\/od\/\" target=\"_blank\" rel=\"noopener\">dzia\u0142alno\u015b\u0107 gospodarcza<br><\/a><\/li>\n<li><a href=\"http:\/\/simp.pl\/stalowawola\/index.php\/dzialalnosc-naukowa\/\" target=\"_blank\" rel=\"noopener\">dzia\u0142alno\u015b\u0107 naukowa<\/a><\/li>\n<\/ul>\n<p>Pragniemy r\u00f3wnie\u017c zach\u0119ci\u0107 Ci\u0119 do obejrzenia naszej&nbsp;<a href=\"http:\/\/simp.pl\/stalowawola\/index.php\/galeria-zdjec\/\" target=\"_blank\" rel=\"noopener\">Galerii Zdj\u0119\u0107<\/a>.<\/p>\n<p style=\"text-align: center;\"><a href=\"http:\/\/simp.pl\/stalowawola\/wp-content\/uploads\/2025\/04\/20250320_151715-scaled.jpg\"><img loading=\"lazy\" decoding=\"async\" class=\" wp-image-1399 aligncenter\" src=\"http:\/\/simp.pl\/stalowawola\/wp-content\/uploads\/2025\/04\/20250320_151715-300x260.jpg\" alt=\"\" width=\"493\" height=\"427\" data-id=\"1399\" srcset=\"http:\/\/simp.pl\/stalowawola\/wp-content\/uploads\/2025\/04\/20250320_151715-300x260.jpg 300w, http:\/\/simp.pl\/stalowawola\/wp-content\/uploads\/2025\/04\/20250320_151715-1024x887.jpg 1024w, http:\/\/simp.pl\/stalowawola\/wp-content\/uploads\/2025\/04\/20250320_151715-768x665.jpg 768w, http:\/\/simp.pl\/stalowawola\/wp-content\/uploads\/2025\/04\/20250320_151715-1536x1331.jpg 1536w, http:\/\/simp.pl\/stalowawola\/wp-content\/uploads\/2025\/04\/20250320_151715-2048x1774.jpg 2048w, http:\/\/simp.pl\/stalowawola\/wp-content\/uploads\/2025\/04\/20250320_151715-830x719.jpg 830w, http:\/\/simp.pl\/stalowawola\/wp-content\/uploads\/2025\/04\/20250320_151715-230x199.jpg 230w, http:\/\/simp.pl\/stalowawola\/wp-content\/uploads\/2025\/04\/20250320_151715-350x303.jpg 350w, http:\/\/simp.pl\/stalowawola\/wp-content\/uploads\/2025\/04\/20250320_151715-480x416.jpg 480w\" sizes=\"auto, (max-width: 493px) 100vw, 493px\" \/><\/a><\/p>\n<p>&nbsp;<\/p>\n\n\n<p><\/p>\n","protected":false},"excerpt":{"rendered":"<p>Serdecznie witamy na stronie internetowej SIMP-u, czyli Stowarzyszenia In\u017cynier\u00f3w i Technik\u00f3w Mechanik\u00f3w Polskich oddzia\u0142u w Stalowej Woli. Jeste\u015bmy niezale\u017cn\u0105 organizacj\u0105, kt\u00f3ra udziela si\u0119 spo\u0142ecznie. Zrzeszamy zar\u00f3wno in\u017cynier\u00f3w i technik\u00f3w mechanik\u00f3w wszystkich specjalno\u015bci, jak r\u00f3wnie\u017c zawod\u00f3w pokrewnych. Utworzenie naszej organizacji datuje si\u0119 na rok 1926 (czytaj wi\u0119cej). Zach\u0119camy do bycia na bie\u017c\u0105co w sprawach SIMP, co <a class=\"read-more-link\" href=\"http:\/\/simp.pl\/stalowawola\/\">Read More<\/a><\/p>\n","protected":false},"author":1,"featured_media":0,"parent":0,"menu_order":2,"comment_status":"closed","ping_status":"closed","template":"","meta":{"ngg_post_thumbnail":0,"footnotes":""},"class_list":["post-5","page","type-page","status-publish","hentry"],"_links":{"self":[{"href":"http:\/\/simp.pl\/stalowawola\/index.php\/wp-json\/wp\/v2\/pages\/5","targetHints":{"allow":["GET"]}}],"collection":[{"href":"http:\/\/simp.pl\/stalowawola\/index.php\/wp-json\/wp\/v2\/pages"}],"about":[{"href":"http:\/\/simp.pl\/stalowawola\/index.php\/wp-json\/wp\/v2\/types\/page"}],"author":[{"embeddable":true,"href":"http:\/\/simp.pl\/stalowawola\/index.php\/wp-json\/wp\/v2\/users\/1"}],"replies":[{"embeddable":true,"href":"http:\/\/simp.pl\/stalowawola\/index.php\/wp-json\/wp\/v2\/comments?post=5"}],"version-history":[{"count":33,"href":"http:\/\/simp.pl\/stalowawola\/index.php\/wp-json\/wp\/v2\/pages\/5\/revisions"}],"predecessor-version":[{"id":1400,"href":"http:\/\/simp.pl\/stalowawola\/index.php\/wp-json\/wp\/v2\/pages\/5\/revisions\/1400"}],"wp:attachment":[{"href":"http:\/\/simp.pl\/stalowawola\/index.php\/wp-json\/wp\/v2\/media?parent=5"}],"curies":[{"name":"wp","href":"https:\/\/api.w.org\/{rel}","templated":true}]}}