{"id":434,"date":"2016-10-16T15:20:13","date_gmt":"2016-10-16T13:20:13","guid":{"rendered":"http:\/\/simp.pl\/stalowawola\/?page_id=434"},"modified":"2022-11-26T08:24:52","modified_gmt":"2022-11-26T06:24:52","slug":"wladze","status":"publish","type":"page","link":"http:\/\/simp.pl\/stalowawola\/index.php\/wladze\/","title":{"rendered":"W\u0142adze"},"content":{"rendered":"<p>Zapraszamy do zapoznania si\u0119 ze struktur\u0105 w\u0142adzy w naszym Stowarzyszeniu:<\/p>\n<ol>\n<li><a href=\"http:\/\/simp.pl\/stalowawola\/index.php\/zarzad-2\/\" target=\"_blank\" rel=\"noopener\">Zarz\u0105d<\/a><\/li>\n<li><a href=\"http:\/\/simp.pl\/stalowawola\/index.php\/komisje\/\" target=\"_blank\" rel=\"noopener\">Komisje<\/a><\/li>\n<li><a href=\"http:\/\/simp.pl\/stalowawola\/index.php\/schemat\/\" target=\"_blank\" rel=\"noopener\">Schemat organizacyjny<\/a><\/li>\n<\/ol>\n<p><strong>Zarz\u0105d Oddzia\u0142u<\/strong><\/p>\n<p>Zarz\u0105du Oddzia\u0142u kadencji XIV (2022 &#8211; 2026):<\/p>\n<ul>\n<li>Emil Dwornicki &#8211; Prezes<\/li>\n<li>Janusz Hyjek &#8211; Vice Prezes&nbsp;<\/li>\n<li>Antoni Rusinek &#8211; Vice Prezes&nbsp;<\/li>\n<li>Rafa\u0142 Wo\u017aniak &#8211; Sekretarz&nbsp;<\/li>\n<li>Ryszard K\u0105dzio\u0142ka &#8211; Skarbnik<\/li>\n<li>Dorota Kara &#8211; Cz\u0142onek<\/li>\n<li>Jan Ko\u0142cz &#8211; Cz\u0142onek<\/li>\n<\/ul>\n<p>Komisji Rewizyjna: &nbsp;&nbsp;&nbsp;&nbsp;&nbsp;&nbsp;&nbsp;&nbsp;&nbsp;&nbsp;&nbsp;&nbsp;&nbsp;&nbsp;&nbsp;&nbsp;&nbsp;&nbsp;&nbsp;&nbsp;&nbsp;&nbsp;&nbsp;&nbsp;&nbsp;&nbsp;&nbsp;&nbsp;&nbsp;&nbsp;&nbsp;&nbsp;&nbsp;&nbsp;&nbsp;&nbsp;&nbsp;&nbsp;&nbsp;&nbsp;&nbsp;&nbsp;&nbsp;&nbsp;&nbsp;&nbsp;&nbsp;&nbsp;&nbsp;&nbsp;&nbsp;&nbsp;&nbsp;&nbsp;<\/p>\n<ul>\n<li>Stanis\u0142aw W\u00f3jcik<\/li>\n<li>Stanis\u0142aw Szymendera<\/li>\n<li>Henryk Bielec<\/li>\n<\/ul>\n<p>S\u0105d Kole\u017ce\u0144ski:<\/p>\n<ul>\n<li>Roman Brodziak<\/li>\n<li>Jan Jurecki<\/li>\n<li>W\u0142adys\u0142aw Piotrowski.<\/li>\n<\/ul>\n<p>&nbsp;<\/p>\n","protected":false},"excerpt":{"rendered":"<p>Zapraszamy do zapoznania si\u0119 ze struktur\u0105 w\u0142adzy w naszym Stowarzyszeniu: Zarz\u0105d Komisje Schemat organizacyjny Zarz\u0105d Oddzia\u0142u Zarz\u0105du Oddzia\u0142u kadencji XIV (2022 &#8211; 2026): Emil Dwornicki &#8211; Prezes Janusz Hyjek &#8211; Vice Prezes&nbsp; Antoni Rusinek &#8211; Vice Prezes&nbsp; Rafa\u0142 Wo\u017aniak &#8211; Sekretarz&nbsp; Ryszard K\u0105dzio\u0142ka &#8211; Skarbnik Dorota Kara &#8211; Cz\u0142onek Jan Ko\u0142cz &#8211; Cz\u0142onek Komisji Rewizyjna: <a class=\"read-more-link\" href=\"http:\/\/simp.pl\/stalowawola\/index.php\/wladze\/\">Read More<\/a><\/p>\n","protected":false},"author":1,"featured_media":0,"parent":0,"menu_order":0,"comment_status":"closed","ping_status":"closed","template":"","meta":{"ngg_post_thumbnail":0,"footnotes":""},"class_list":["post-434","page","type-page","status-publish","hentry"],"_links":{"self":[{"href":"http:\/\/simp.pl\/stalowawola\/index.php\/wp-json\/wp\/v2\/pages\/434","targetHints":{"allow":["GET"]}}],"collection":[{"href":"http:\/\/simp.pl\/stalowawola\/index.php\/wp-json\/wp\/v2\/pages"}],"about":[{"href":"http:\/\/simp.pl\/stalowawola\/index.php\/wp-json\/wp\/v2\/types\/page"}],"author":[{"embeddable":true,"href":"http:\/\/simp.pl\/stalowawola\/index.php\/wp-json\/wp\/v2\/users\/1"}],"replies":[{"embeddable":true,"href":"http:\/\/simp.pl\/stalowawola\/index.php\/wp-json\/wp\/v2\/comments?post=434"}],"version-history":[{"count":8,"href":"http:\/\/simp.pl\/stalowawola\/index.php\/wp-json\/wp\/v2\/pages\/434\/revisions"}],"predecessor-version":[{"id":1300,"href":"http:\/\/simp.pl\/stalowawola\/index.php\/wp-json\/wp\/v2\/pages\/434\/revisions\/1300"}],"wp:attachment":[{"href":"http:\/\/simp.pl\/stalowawola\/index.php\/wp-json\/wp\/v2\/media?parent=434"}],"curies":[{"name":"wp","href":"https:\/\/api.w.org\/{rel}","templated":true}]}}