{"id":431,"date":"2016-10-16T15:28:30","date_gmt":"2016-10-16T13:28:30","guid":{"rendered":"http:\/\/simp.pl\/stalowawola\/?page_id=431"},"modified":"2016-11-07T11:36:23","modified_gmt":"2016-11-07T09:36:23","slug":"o-nas","status":"publish","type":"page","link":"http:\/\/simp.pl\/stalowawola\/index.php\/o-nas\/","title":{"rendered":"O nas"},"content":{"rendered":"<p style=\"text-align: left;\">Na dobry pocz\u0105tek serdecznie zach\u0119camy do zapoznania si\u0119 z terminem <strong>SIMP<\/strong> i okoliczno\u015bciach jego powstania. W zwi\u0105zku z tym zapraszamy do dzia\u0142u:<\/p>\n<p style=\"text-align: center;\"><a href=\"http:\/\/simp.pl\/stalowawola\/index.php\/o-simp\/\" target=\"_blank\">O &#8222;SIMP&#8221;<\/a><\/p>\n<p style=\"text-align: center;\">&nbsp;<\/p>\n<p style=\"text-align: center;\"><img loading=\"lazy\" decoding=\"async\" class=\"size-medium wp-image-926 aligncenter\" src=\"http:\/\/simp.pl\/stalowawola\/wp-content\/uploads\/2016\/10\/trybiki-300x196.png\" alt=\"trybiki\" width=\"300\" height=\"196\" data-id=\"926\" srcset=\"http:\/\/simp.pl\/stalowawola\/wp-content\/uploads\/2016\/10\/trybiki-300x196.png 300w, http:\/\/simp.pl\/stalowawola\/wp-content\/uploads\/2016\/10\/trybiki-230x150.png 230w, http:\/\/simp.pl\/stalowawola\/wp-content\/uploads\/2016\/10\/trybiki-350x229.png 350w, http:\/\/simp.pl\/stalowawola\/wp-content\/uploads\/2016\/10\/trybiki-480x314.png 480w, http:\/\/simp.pl\/stalowawola\/wp-content\/uploads\/2016\/10\/trybiki.png 500w\" sizes=\"auto, (max-width: 300px) 100vw, 300px\" \/><\/p>\n<p style=\"text-align: left;\">&nbsp;<\/p>\n<p style=\"text-align: left;\">Polecamy r\u00f3wnie\u017c zapozna\u0107 si\u0119 z dzia\u0142em dot. struktury w\u0142adzy w naszej organizacji:<\/p>\n<p style=\"text-align: center;\"><a href=\"http:\/\/simp.pl\/stalowawola\/index.php\/wladze\/\" target=\"_blank\">W\u0142adze<\/a><\/p>\n<p style=\"text-align: center;\">&nbsp;<\/p>\n<p style=\"text-align: center;\"><img loading=\"lazy\" decoding=\"async\" class=\"size-medium wp-image-927 aligncenter\" src=\"http:\/\/simp.pl\/stalowawola\/wp-content\/uploads\/2016\/10\/szachy-1-300x124.png\" alt=\"szachy\" width=\"300\" height=\"124\" data-id=\"927\" srcset=\"http:\/\/simp.pl\/stalowawola\/wp-content\/uploads\/2016\/10\/szachy-1-300x124.png 300w, http:\/\/simp.pl\/stalowawola\/wp-content\/uploads\/2016\/10\/szachy-1-230x95.png 230w, http:\/\/simp.pl\/stalowawola\/wp-content\/uploads\/2016\/10\/szachy-1-350x144.png 350w, http:\/\/simp.pl\/stalowawola\/wp-content\/uploads\/2016\/10\/szachy-1-480x198.png 480w, http:\/\/simp.pl\/stalowawola\/wp-content\/uploads\/2016\/10\/szachy-1.png 600w\" sizes=\"auto, (max-width: 300px) 100vw, 300px\" \/><\/p>\n","protected":false},"excerpt":{"rendered":"<p>Na dobry pocz\u0105tek serdecznie zach\u0119camy do zapoznania si\u0119 z terminem SIMP i okoliczno\u015bciach jego powstania. W zwi\u0105zku z tym zapraszamy do dzia\u0142u: O &#8222;SIMP&#8221; &nbsp; &nbsp; Polecamy r\u00f3wnie\u017c zapozna\u0107 si\u0119 z dzia\u0142em dot. struktury w\u0142adzy w naszej organizacji: W\u0142adze &nbsp;<\/p>\n","protected":false},"author":1,"featured_media":0,"parent":0,"menu_order":0,"comment_status":"closed","ping_status":"closed","template":"","meta":{"ngg_post_thumbnail":0,"footnotes":""},"class_list":["post-431","page","type-page","status-publish","hentry"],"_links":{"self":[{"href":"http:\/\/simp.pl\/stalowawola\/index.php\/wp-json\/wp\/v2\/pages\/431","targetHints":{"allow":["GET"]}}],"collection":[{"href":"http:\/\/simp.pl\/stalowawola\/index.php\/wp-json\/wp\/v2\/pages"}],"about":[{"href":"http:\/\/simp.pl\/stalowawola\/index.php\/wp-json\/wp\/v2\/types\/page"}],"author":[{"embeddable":true,"href":"http:\/\/simp.pl\/stalowawola\/index.php\/wp-json\/wp\/v2\/users\/1"}],"replies":[{"embeddable":true,"href":"http:\/\/simp.pl\/stalowawola\/index.php\/wp-json\/wp\/v2\/comments?post=431"}],"version-history":[{"count":9,"href":"http:\/\/simp.pl\/stalowawola\/index.php\/wp-json\/wp\/v2\/pages\/431\/revisions"}],"predecessor-version":[{"id":928,"href":"http:\/\/simp.pl\/stalowawola\/index.php\/wp-json\/wp\/v2\/pages\/431\/revisions\/928"}],"wp:attachment":[{"href":"http:\/\/simp.pl\/stalowawola\/index.php\/wp-json\/wp\/v2\/media?parent=431"}],"curies":[{"name":"wp","href":"https:\/\/api.w.org\/{rel}","templated":true}]}}