{"id":17,"date":"2011-07-24T16:07:16","date_gmt":"2011-07-24T14:07:16","guid":{"rendered":"http:\/\/simp.eplaszow.pl\/?page_id=17"},"modified":"2025-04-01T18:45:41","modified_gmt":"2025-04-01T16:45:41","slug":"kontakt","status":"publish","type":"page","link":"http:\/\/simp.pl\/stalowawola\/index.php\/kontakt\/","title":{"rendered":"Kontakt"},"content":{"rendered":"<p>&nbsp;<\/p>\n<table class=\"kontakt\" style=\"height: 315px;\" width=\"1029\">\n<tbody>\n<tr class=\"kontakt\">\n<td class=\"kontakt-tresc\"><span style=\"color: rgba(15, 132, 53, 0.9); font-weight: 900;\">Stowarzyszenie In\u017cynier\u00f3w i Technik\u00f3w Mechanik\u00f3w Polskich &#8211; SIMP<\/span><\/p>\n<p>ul. Kwiatkowskiego 1 \/budynek dawnej dyrekcji HSW, parter\/<\/p>\n<p>37-450 Stalowa Wola<\/p>\n<p>NIP 865-122-26-97<\/p>\n<p>Kontakt: 603-431-952<\/p>\n<p>e-mail: <span style=\"color: rgba(15, 132, 53, 0.9);\">stalowawola@simp.pl<\/span><\/p>\n<p>Rachunek bankowy: 37 1600 1462 1741 2238 0000 0001 BNP PARIBAS BANK POLSKA S.A.<\/td>\n<\/tr>\n<\/tbody>\n<\/table>\n\n\n<figure class=\"wp-block-image size-large\"><a href=\"http:\/\/simp.pl\/stalowawola\/wp-content\/uploads\/2025\/04\/20250320_151715-scaled.jpg\"><img loading=\"lazy\" decoding=\"async\" width=\"1024\" height=\"887\" src=\"http:\/\/simp.pl\/stalowawola\/wp-content\/uploads\/2025\/04\/20250320_151715-1024x887.jpg\" alt=\"\" class=\"wp-image-1399\" srcset=\"http:\/\/simp.pl\/stalowawola\/wp-content\/uploads\/2025\/04\/20250320_151715-1024x887.jpg 1024w, http:\/\/simp.pl\/stalowawola\/wp-content\/uploads\/2025\/04\/20250320_151715-300x260.jpg 300w, http:\/\/simp.pl\/stalowawola\/wp-content\/uploads\/2025\/04\/20250320_151715-768x665.jpg 768w, http:\/\/simp.pl\/stalowawola\/wp-content\/uploads\/2025\/04\/20250320_151715-1536x1331.jpg 1536w, http:\/\/simp.pl\/stalowawola\/wp-content\/uploads\/2025\/04\/20250320_151715-2048x1774.jpg 2048w, http:\/\/simp.pl\/stalowawola\/wp-content\/uploads\/2025\/04\/20250320_151715-830x719.jpg 830w, http:\/\/simp.pl\/stalowawola\/wp-content\/uploads\/2025\/04\/20250320_151715-230x199.jpg 230w, http:\/\/simp.pl\/stalowawola\/wp-content\/uploads\/2025\/04\/20250320_151715-350x303.jpg 350w, http:\/\/simp.pl\/stalowawola\/wp-content\/uploads\/2025\/04\/20250320_151715-480x416.jpg 480w\" sizes=\"auto, (max-width: 1024px) 100vw, 1024px\" \/><\/a><\/figure>\n","protected":false},"excerpt":{"rendered":"<p>&nbsp; Stowarzyszenie In\u017cynier\u00f3w i Technik\u00f3w Mechanik\u00f3w Polskich &#8211; SIMP ul. Kwiatkowskiego 1 \/budynek dawnej dyrekcji HSW, parter\/ 37-450 Stalowa Wola NIP 865-122-26-97 Kontakt: 603-431-952 e-mail: stalowawola@simp.pl Rachunek bankowy: 37 1600 1462 1741 2238 0000 0001 BNP PARIBAS BANK POLSKA S.A.<\/p>\n","protected":false},"author":1,"featured_media":0,"parent":0,"menu_order":0,"comment_status":"closed","ping_status":"closed","template":"","meta":{"ngg_post_thumbnail":0,"footnotes":""},"class_list":["post-17","page","type-page","status-publish","hentry"],"_links":{"self":[{"href":"http:\/\/simp.pl\/stalowawola\/index.php\/wp-json\/wp\/v2\/pages\/17","targetHints":{"allow":["GET"]}}],"collection":[{"href":"http:\/\/simp.pl\/stalowawola\/index.php\/wp-json\/wp\/v2\/pages"}],"about":[{"href":"http:\/\/simp.pl\/stalowawola\/index.php\/wp-json\/wp\/v2\/types\/page"}],"author":[{"embeddable":true,"href":"http:\/\/simp.pl\/stalowawola\/index.php\/wp-json\/wp\/v2\/users\/1"}],"replies":[{"embeddable":true,"href":"http:\/\/simp.pl\/stalowawola\/index.php\/wp-json\/wp\/v2\/comments?post=17"}],"version-history":[{"count":13,"href":"http:\/\/simp.pl\/stalowawola\/index.php\/wp-json\/wp\/v2\/pages\/17\/revisions"}],"predecessor-version":[{"id":1401,"href":"http:\/\/simp.pl\/stalowawola\/index.php\/wp-json\/wp\/v2\/pages\/17\/revisions\/1401"}],"wp:attachment":[{"href":"http:\/\/simp.pl\/stalowawola\/index.php\/wp-json\/wp\/v2\/media?parent=17"}],"curies":[{"name":"wp","href":"https:\/\/api.w.org\/{rel}","templated":true}]}}