{"id":158,"date":"2011-12-06T10:39:26","date_gmt":"2011-12-06T08:39:26","guid":{"rendered":"http:\/\/simp.pl\/stalowawola\/?page_id=158"},"modified":"2017-03-29T20:49:17","modified_gmt":"2017-03-29T18:49:17","slug":"galeria-zdjec","status":"publish","type":"page","link":"http:\/\/simp.pl\/stalowawola\/index.php\/galeria-zdjec\/","title":{"rendered":"Galeria zdj\u0119\u0107"},"content":{"rendered":"<p>Serdecznie zapraszamy do obejrzenia naszych &#8222;Galerii Zdj\u0119\u0107&#8221;:<\/p>\n<ul>\n<li style=\"text-align: left;\"><a href=\"http:\/\/simp.pl\/stalowawola\/index.php\/dzien-seniora-2011\/\" target=\"_blank\">Dzie\u0144 Seniora \u2013 listopad 2011<\/a><\/li>\n<li style=\"text-align: left;\"><a href=\"http:\/\/simp.pl\/stalowawola\/index.php\/sympozjum-sierpien-2011\/\" target=\"_blank\">Sympozjum &#8211; sierpie\u0144 2011<\/a><\/li>\n<\/ul>\n","protected":false},"excerpt":{"rendered":"<p>Serdecznie zapraszamy do obejrzenia naszych &#8222;Galerii Zdj\u0119\u0107&#8221;: Dzie\u0144 Seniora \u2013 listopad 2011 Sympozjum &#8211; sierpie\u0144 2011<\/p>\n","protected":false},"author":1,"featured_media":0,"parent":0,"menu_order":0,"comment_status":"closed","ping_status":"closed","template":"","meta":{"ngg_post_thumbnail":0,"footnotes":""},"class_list":["post-158","page","type-page","status-publish","hentry"],"_links":{"self":[{"href":"http:\/\/simp.pl\/stalowawola\/index.php\/wp-json\/wp\/v2\/pages\/158","targetHints":{"allow":["GET"]}}],"collection":[{"href":"http:\/\/simp.pl\/stalowawola\/index.php\/wp-json\/wp\/v2\/pages"}],"about":[{"href":"http:\/\/simp.pl\/stalowawola\/index.php\/wp-json\/wp\/v2\/types\/page"}],"author":[{"embeddable":true,"href":"http:\/\/simp.pl\/stalowawola\/index.php\/wp-json\/wp\/v2\/users\/1"}],"replies":[{"embeddable":true,"href":"http:\/\/simp.pl\/stalowawola\/index.php\/wp-json\/wp\/v2\/comments?post=158"}],"version-history":[{"count":6,"href":"http:\/\/simp.pl\/stalowawola\/index.php\/wp-json\/wp\/v2\/pages\/158\/revisions"}],"predecessor-version":[{"id":1020,"href":"http:\/\/simp.pl\/stalowawola\/index.php\/wp-json\/wp\/v2\/pages\/158\/revisions\/1020"}],"wp:attachment":[{"href":"http:\/\/simp.pl\/stalowawola\/index.php\/wp-json\/wp\/v2\/media?parent=158"}],"curies":[{"name":"wp","href":"https:\/\/api.w.org\/{rel}","templated":true}]}}