{"id":142,"date":"2011-10-10T14:27:28","date_gmt":"2011-10-10T12:27:28","guid":{"rendered":"http:\/\/simp.pl\/stalowawola\/?page_id=142"},"modified":"2019-05-20T18:27:16","modified_gmt":"2019-05-20T16:27:16","slug":"dokumenty","status":"publish","type":"page","link":"http:\/\/simp.pl\/stalowawola\/index.php\/dokumenty\/","title":{"rendered":"Dokumenty"},"content":{"rendered":"<p style=\"text-align: center;\"><a href=\"http:\/\/simp.pl\/stalowawola\/wp-content\/uploads\/2019\/05\/STATUT-Tekst-jednolity-2018.pdf\">Statut SIMP obowi\u0105zuj\u0105cy od V 2018r.<\/a><\/p>\n<p style=\"text-align: center;\"><a href=\"http:\/\/simp.pl\/stalowawola\/wp-content\/uploads\/2019\/05\/Deklaracja-czlonkowska-SIMP-1.doc\">Deklaracja&nbsp; cz\u0142onkowska SIMP (og\u00f3lna, wersja edytowalna)<\/a><\/p>\n<p style=\"text-align: center;\"><a href=\"http:\/\/simp.pl\/stalowawola\/wp-content\/uploads\/2019\/05\/Deklaracja-czlonkowska-SIMP.pdf\">Deklaracja&nbsp; cz\u0142onkowska SIMP (og\u00f3lna, wersja pdf)<\/a><\/p>\n<p style=\"text-align: center;\"><a href=\"http:\/\/simp.pl\/stalowawola\/wp-content\/uploads\/2019\/05\/Zasady-etyki-czlonkow-SIMP.pdf\">Zasady etyki cz\u0142onk\u00f3w SIMP<\/a><\/p>\n<p style=\"text-align: right;\">\u017arod\u0142o: <a href=\"http:\/\/www.simp.pl\">www.simp.pl<\/a><\/p>\n","protected":false},"excerpt":{"rendered":"<p>Statut SIMP obowi\u0105zuj\u0105cy od V 2018r. Deklaracja&nbsp; cz\u0142onkowska SIMP (og\u00f3lna, wersja edytowalna) Deklaracja&nbsp; cz\u0142onkowska SIMP (og\u00f3lna, wersja pdf) Zasady etyki cz\u0142onk\u00f3w SIMP \u017arod\u0142o: www.simp.pl<\/p>\n","protected":false},"author":1,"featured_media":0,"parent":0,"menu_order":0,"comment_status":"closed","ping_status":"closed","template":"","meta":{"ngg_post_thumbnail":0,"footnotes":""},"class_list":["post-142","page","type-page","status-publish","hentry"],"_links":{"self":[{"href":"http:\/\/simp.pl\/stalowawola\/index.php\/wp-json\/wp\/v2\/pages\/142","targetHints":{"allow":["GET"]}}],"collection":[{"href":"http:\/\/simp.pl\/stalowawola\/index.php\/wp-json\/wp\/v2\/pages"}],"about":[{"href":"http:\/\/simp.pl\/stalowawola\/index.php\/wp-json\/wp\/v2\/types\/page"}],"author":[{"embeddable":true,"href":"http:\/\/simp.pl\/stalowawola\/index.php\/wp-json\/wp\/v2\/users\/1"}],"replies":[{"embeddable":true,"href":"http:\/\/simp.pl\/stalowawola\/index.php\/wp-json\/wp\/v2\/comments?post=142"}],"version-history":[{"count":9,"href":"http:\/\/simp.pl\/stalowawola\/index.php\/wp-json\/wp\/v2\/pages\/142\/revisions"}],"predecessor-version":[{"id":1222,"href":"http:\/\/simp.pl\/stalowawola\/index.php\/wp-json\/wp\/v2\/pages\/142\/revisions\/1222"}],"wp:attachment":[{"href":"http:\/\/simp.pl\/stalowawola\/index.php\/wp-json\/wp\/v2\/media?parent=142"}],"curies":[{"name":"wp","href":"https:\/\/api.w.org\/{rel}","templated":true}]}}