{"id":13,"date":"2011-07-24T16:06:11","date_gmt":"2011-07-24T14:06:11","guid":{"rendered":"http:\/\/simp.eplaszow.pl\/?page_id=13"},"modified":"2016-10-11T13:42:19","modified_gmt":"2016-10-11T11:42:19","slug":"od","status":"publish","type":"page","link":"http:\/\/simp.pl\/stalowawola\/index.php\/od\/","title":{"rendered":"Oddzia\u0142 Dzia\u0142alno\u015bci Gospodarczej"},"content":{"rendered":"<p style=\"text-align: center;\"><strong>Oferujemy Us\u0142ugi Techniczne i Szkoleniowe:<\/strong><\/p>\n<p>I. PROJEKTOWANIE:<br \/>\n&#8211; ma\u0142ych zak\u0142\u0105d\u00f3w przemys\u0142owych<br \/>\n&#8211; nowych wyrob\u00f3w rynkowych<br \/>\n&#8211; proces\u00f3w technologicznych i pomocy specjalnych<br \/>\n&#8211; modernizacji: zak\u0142\u0105d\u00f3w przemys\u0142owych, wyrob\u00f3w, proces\u00f3w technologicznych, pomocy specjalnych, itp.<\/p>\n<p>II. LICENCJE:<br \/>\nwykonanie dokumentacji technicznej na zam\u00f3wienie lub b\u0119d\u0105cej w dyspozycji SIMP-ODG i sprzeda\u017c na warunkach umowy licencyjnej<\/p>\n<p>III. INNE TECHNICZNE<br \/>\n-ekspertyzy, nadzory, orzeczenia, wyceny maj\u0105tku, uruchomienie produkcji, zagospodarowania rezerw, oceny stanu technicznego,opracowanie instrukcji obs\u0142ugi i BHP, prace zwi\u0105zane z wykorzystaniem techniki komputerowej w procesach produkcji, t\u0142umaczenia tekst\u00f3w technicznych, adaptacja dokumentacji dla potrzeb produkcji, obs\u0142uga marketingu , kompleksowej dokumentacji dla wyrob\u00f3w zg\u0142\u0105szanych do ochrony w Urz\u0119dzie Patentowym i inne z zakresu mechaniki.<\/p>\n<p>IV. SZKOLENIOWE:<br \/>\n&#8211; normy ISO i EN oraz warunki uzyskania certyfikatu<br \/>\n&#8211; techniczne kursy specjalistyczne<br \/>\n&#8211; ochrona w\u0142asno\u015bci przemys\u0142owej i polityka patentowa<br \/>\n&#8211; BHP w przemys\u0142owych podmiotach gospodarczych<br \/>\n&#8211; obs\u0142uga, u\u017cytkowanie i eksploatacja z nadaniem uprawnie\u0144 dla operator\u00f3w: w\u00f3zk\u00f3w akumulatorowych, w\u00f3zk\u00f3w wid\u0142owych, \u0142adowarek i ci\u0105gnik\u00f3w g\u0105sienicowych.<br \/>\n&#8211; seminaria, sympozia i kursy<br \/>\n&#8211; wsp\u00f3\u0142praca ze szkolnictwem zawodowym woj. podkarpackiego.<\/p>\n<p><strong>Gwarantujemy wykonawstwo w\/w prac na profesionalym wysokim poziomie technicznym przez rzeczoznawc\u00f3w SIMP i specjalist\u00f3w bran\u017cowych.<\/strong><\/p>\n","protected":false},"excerpt":{"rendered":"<p>Oferujemy Us\u0142ugi Techniczne i Szkoleniowe: I. PROJEKTOWANIE: &#8211; ma\u0142ych zak\u0142\u0105d\u00f3w przemys\u0142owych &#8211; nowych wyrob\u00f3w rynkowych &#8211; proces\u00f3w technologicznych i pomocy specjalnych &#8211; modernizacji: zak\u0142\u0105d\u00f3w przemys\u0142owych, wyrob\u00f3w, proces\u00f3w technologicznych, pomocy specjalnych, itp. II. LICENCJE: wykonanie dokumentacji technicznej na zam\u00f3wienie lub b\u0119d\u0105cej w dyspozycji SIMP-ODG i sprzeda\u017c na warunkach umowy licencyjnej III. INNE TECHNICZNE -ekspertyzy, nadzory, orzeczenia, <a class=\"read-more-link\" href=\"http:\/\/simp.pl\/stalowawola\/index.php\/od\/\">Read More<\/a><\/p>\n","protected":false},"author":1,"featured_media":0,"parent":0,"menu_order":6,"comment_status":"closed","ping_status":"closed","template":"","meta":{"ngg_post_thumbnail":0,"footnotes":""},"class_list":["post-13","page","type-page","status-publish","hentry"],"_links":{"self":[{"href":"http:\/\/simp.pl\/stalowawola\/index.php\/wp-json\/wp\/v2\/pages\/13","targetHints":{"allow":["GET"]}}],"collection":[{"href":"http:\/\/simp.pl\/stalowawola\/index.php\/wp-json\/wp\/v2\/pages"}],"about":[{"href":"http:\/\/simp.pl\/stalowawola\/index.php\/wp-json\/wp\/v2\/types\/page"}],"author":[{"embeddable":true,"href":"http:\/\/simp.pl\/stalowawola\/index.php\/wp-json\/wp\/v2\/users\/1"}],"replies":[{"embeddable":true,"href":"http:\/\/simp.pl\/stalowawola\/index.php\/wp-json\/wp\/v2\/comments?post=13"}],"version-history":[{"count":4,"href":"http:\/\/simp.pl\/stalowawola\/index.php\/wp-json\/wp\/v2\/pages\/13\/revisions"}],"predecessor-version":[{"id":541,"href":"http:\/\/simp.pl\/stalowawola\/index.php\/wp-json\/wp\/v2\/pages\/13\/revisions\/541"}],"wp:attachment":[{"href":"http:\/\/simp.pl\/stalowawola\/index.php\/wp-json\/wp\/v2\/media?parent=13"}],"curies":[{"name":"wp","href":"https:\/\/api.w.org\/{rel}","templated":true}]}}