{"id":11,"date":"2011-07-24T16:05:33","date_gmt":"2011-07-24T14:05:33","guid":{"rendered":"http:\/\/simp.eplaszow.pl\/?page_id=11"},"modified":"2017-01-06T16:31:14","modified_gmt":"2017-01-06T14:31:14","slug":"schemat","status":"publish","type":"page","link":"http:\/\/simp.pl\/stalowawola\/index.php\/schemat\/","title":{"rendered":"Schemat organizacyjny"},"content":{"rendered":"<p style=\"text-align: center;\">SCHEMAT ORGANIZACYJNY SIMP O. Stalowa Wola<\/p>\n<p style=\"text-align: center;\"><a href=\"http:\/\/simp.pl\/stalowawola\/wp-content\/uploads\/2011\/07\/schemat-rganizacyjny.png\"><img loading=\"lazy\" decoding=\"async\" class=\"aligncenter wp-image-989 size-large\" src=\"http:\/\/simp.pl\/stalowawola\/wp-content\/uploads\/2011\/07\/schemat-rganizacyjny-586x1024.png\" alt=\"schemat-rganizacyjny\" width=\"586\" height=\"1024\" data-id=\"989\" data-size=\"large\" data-alignment=\"center\" srcset=\"http:\/\/simp.pl\/stalowawola\/wp-content\/uploads\/2011\/07\/schemat-rganizacyjny-586x1024.png 586w, http:\/\/simp.pl\/stalowawola\/wp-content\/uploads\/2011\/07\/schemat-rganizacyjny-172x300.png 172w, http:\/\/simp.pl\/stalowawola\/wp-content\/uploads\/2011\/07\/schemat-rganizacyjny-768x1342.png 768w, http:\/\/simp.pl\/stalowawola\/wp-content\/uploads\/2011\/07\/schemat-rganizacyjny-230x402.png 230w, http:\/\/simp.pl\/stalowawola\/wp-content\/uploads\/2011\/07\/schemat-rganizacyjny-350x612.png 350w, http:\/\/simp.pl\/stalowawola\/wp-content\/uploads\/2011\/07\/schemat-rganizacyjny-480x839.png 480w, http:\/\/simp.pl\/stalowawola\/wp-content\/uploads\/2011\/07\/schemat-rganizacyjny.png 780w\" sizes=\"auto, (max-width: 586px) 100vw, 586px\" \/><\/a><\/p>\n<p style=\"text-align: center;\">&nbsp;<\/p>\n<p style=\"text-align: center;\"><strong>Zarz\u0105dy K\u00f3\u0142 SIMP Oddzia\u0142u Stalowa Wola<\/strong><\/p>\n<div class=\"wpsm_comptable_shortcode_echo\" style=\"text-align: left; padding-left: 30px;\"><\/div>\n<p>&nbsp;<\/p>\n","protected":false},"excerpt":{"rendered":"<p>SCHEMAT ORGANIZACYJNY SIMP O. Stalowa Wola &nbsp; Zarz\u0105dy K\u00f3\u0142 SIMP Oddzia\u0142u Stalowa Wola &nbsp;<\/p>\n","protected":false},"author":1,"featured_media":0,"parent":0,"menu_order":5,"comment_status":"closed","ping_status":"closed","template":"","meta":{"ngg_post_thumbnail":0,"footnotes":""},"class_list":["post-11","page","type-page","status-publish","hentry"],"_links":{"self":[{"href":"http:\/\/simp.pl\/stalowawola\/index.php\/wp-json\/wp\/v2\/pages\/11","targetHints":{"allow":["GET"]}}],"collection":[{"href":"http:\/\/simp.pl\/stalowawola\/index.php\/wp-json\/wp\/v2\/pages"}],"about":[{"href":"http:\/\/simp.pl\/stalowawola\/index.php\/wp-json\/wp\/v2\/types\/page"}],"author":[{"embeddable":true,"href":"http:\/\/simp.pl\/stalowawola\/index.php\/wp-json\/wp\/v2\/users\/1"}],"replies":[{"embeddable":true,"href":"http:\/\/simp.pl\/stalowawola\/index.php\/wp-json\/wp\/v2\/comments?post=11"}],"version-history":[{"count":13,"href":"http:\/\/simp.pl\/stalowawola\/index.php\/wp-json\/wp\/v2\/pages\/11\/revisions"}],"predecessor-version":[{"id":999,"href":"http:\/\/simp.pl\/stalowawola\/index.php\/wp-json\/wp\/v2\/pages\/11\/revisions\/999"}],"wp:attachment":[{"href":"http:\/\/simp.pl\/stalowawola\/index.php\/wp-json\/wp\/v2\/media?parent=11"}],"curies":[{"name":"wp","href":"https:\/\/api.w.org\/{rel}","templated":true}]}}